{"id":83,"date":"2018-08-27T00:14:06","date_gmt":"2018-08-27T00:14:06","guid":{"rendered":"http:\/\/lamar.larp.pro\/?page_id=83"},"modified":"2018-09-03T20:09:04","modified_gmt":"2018-09-03T20:09:04","slug":"die-geschichte","status":"publish","type":"page","link":"https:\/\/lamar.larp.pro\/?page_id=83","title":{"rendered":"die Geschichte"},"content":{"rendered":"<p style=\"text-align: justify;\">So wird sie in der Taverne und am Lagerfeuer erz\u00e4hlt&#8230;.<img loading=\"lazy\" decoding=\"async\" class=\" wp-image-86 alignright\" src=\"http:\/\/lamar.larp.pro\/wp-content\/uploads\/2018\/08\/2369-300x300.jpg\" alt=\"\" width=\"199\" height=\"199\" srcset=\"https:\/\/lamar.larp.pro\/wp-content\/uploads\/2018\/08\/2369-300x300.jpg 300w, https:\/\/lamar.larp.pro\/wp-content\/uploads\/2018\/08\/2369-100x100.jpg 100w, https:\/\/lamar.larp.pro\/wp-content\/uploads\/2018\/08\/2369-600x600.jpg 600w, https:\/\/lamar.larp.pro\/wp-content\/uploads\/2018\/08\/2369-150x150.jpg 150w, https:\/\/lamar.larp.pro\/wp-content\/uploads\/2018\/08\/2369.jpg 700w\" sizes=\"auto, (max-width: 199px) 100vw, 199px\" \/><\/p>\n<p style=\"text-align: justify;\">Die Mosiponte wurde vor Jahren, samt Crew und Kapit\u00e4n Lamar als verschollen gemeldet. Zwar wurde nach dem Schiff Ausschau gehalten doch niemand fand die Fregatte je wieder.<\/p>\n<p style=\"text-align: justify;\">Fakt ist das Schiff ist in einem Sturm auf scharfen Klippen der\u00a0Isla Or-uga zerschellt und die Mannschaft ist auf einer Insel gestrandet. Wenig Wasser und nahezu keine Nahrungsmittel brachten die Schiffsm\u00e4nner dazu die Fr\u00fcchte der Insel zu essen. Die Fr\u00fcchte? Nein! Die Frucht! Auf der Insel gab es au\u00dfer Palmen nur eine einzige genie\u00dfbare Frucht und mit dieser ern\u00e4hrten sich die Schiffbr\u00fcchigen. Ohne Schiff und ohne Hoffnung entstand ein Plan. Ein Plan der ein Schiff hier her, so weit ab von den \u00fcblichen Handelsruten locken sollte. \u00a0Mit der Hoffnung jemand w\u00fcrde die Insel finden, wurden fingierte Schatzkarten in Flaschen gepackt und ins Meer geworfen. Die Gestrandeten hofften sie k\u00f6nnten so eine Rettung aus ihrer misslichen Lage erreichen oder die Schatzsucher ihres Schiffes berauben um wieder Heim zu kehren.<\/p>\n<p style=\"text-align: justify;\">Die Jahre zogen durch das Land und die Crew, deren Kapit\u00e4n bei dem Schiffsbruch verstarb, verwilderte. Die gesamte Zeit auf der Insel ern\u00e4hrten sich die Seeleute von einer Frucht welche sie zu Ehren ihres Kapit\u00e4ns benannten. Die Lamar-Frucht. Die Frucht bot gen\u00fcgend Fl\u00fcssigkeit und war im jeden Sinne nahrhaft. Hatte aber auch eine stark opiate Wirkung&#8230;..<\/p>\n<p style=\"text-align: justify;\">In dem Wahnsinn den die Crew durchlebte erkl\u00e4rten sie ihren Verstorbenen Kapit\u00e4n zu einem Gott, der \u00fcber sie wacht und zu seinen Ehren bauten sie ihm einen Schrein auf dem sein Kopf mit samt seinem Dreispitz lag. Sie beteten zu ihm, sie verehrten ihn und redeten mit ihm als ob er noch unter ihnen weilen w\u00fcrde.<\/p>\n<p style=\"text-align: justify;\">Die Monate zogen ins Land und ihnen folgten Jahre. Viel Zeit zog ins Land und nach einigen Jahren hatte tats\u00e4chlich ein Mann eine der Flaschenpost Flaschen gefunden. Er war selbst noch junger Kapit\u00e4n und hatte ein nettes, schnelles Schiff. Die Idee schnell reich zu werden und sich dann auf einer kleinen Insel nieder zu lassen formte sich rasch in seinem Kopf und so heuerte er eine Mannschaft an und stach in See. Da er schon als kleiner Junge zur See fuhr und sich immer schon f\u00fcr die Navigation interessierte erreichten sie schnell \u00e4u\u00dferen Inseln. Der junge Kapit\u00e4n hatte seine Crew auf sich eingeschworen und ihnen allen einen gro\u00dfz\u00fcgigen Anteil des Schatzes versprochen und so hatten sie die Schatzkarte bei sich und hoffte auf ewigen Reichtum.<br \/>\nSo gingen die nichts ahnende Mannschaft der wahnsinnigen Crew des toten Kapit\u00e4n Lamar in die Falle.<\/p>\n<p style=\"text-align: justify;\">Der ver\u00e4ngstigte Kapit\u00e4n, dessen gesamte Crew auf der Insel von den Wahnsinnigen ermordet wurde, entdeckte das Geheimnis um den Schrein und um nicht selbst get\u00f6tet zu werden setzte er sich kurzerhand den Dreispitz von Lamar auf und begann lauthals Befehle zu erteilen. Man sollte meinen die Crew des bereits seit Jahren verwesten Kapit\u00e4n Lamar h\u00e4tte diese Scharade <a href=\"http:\/\/lamar.larp.pro\/wp-content\/uploads\/2018\/08\/dielamar.png\" class=\"external\" rel=\"nofollow\"><img loading=\"lazy\" decoding=\"async\" class=\"size-full wp-image-88 alignleft\" src=\"http:\/\/lamar.larp.pro\/wp-content\/uploads\/2018\/08\/dielamar.png\" alt=\"\" width=\"250\" height=\"188\" \/><\/a>durchschauen sollen doch da sich die Matrosen Jahrelang von der Lamar-Frucht ern\u00e4hrt hatten war ihr Hirn nahezu Brei. Der Schachzug wirkte und die Crew gehorchte fortan dem neuen Kapit\u00e4n Lamar, der sich bis heute so nennt.<\/p>\n<p style=\"text-align: justify;\">Obwohl er wusste dass die Crew nicht ganz dicht war, erkannte er der neue Kapit\u00e4n Lamar schnell ihr Potential als Seefahrer. Um sie aber wirklich zu verstehen, musste er sich ebenfalls langsam und in kleinen Dosen der Lamar-Frucht hingeben. Wissend das er fr\u00fcher oder sp\u00e4ter selbst dem Wahnsinn verfallen w\u00fcrde. Doch dann kam Uhut\u2026. dies aber ist eine andere Geschichte.<\/p>\n<p style=\"text-align: justify;\">Nun mit neuer Mannschaft, Lader\u00e4umen voll mit der Frucht, setzt die Lamar, wie das Schiff kurzerhand von der Mannschaft getauft wurde seine Segel in Richtung Heimat und auch wenn sie alle nicht mehr alle Steine in der Krone hatten, so war die Mannschaft gl\u00fccklich wieder unter ihrem Kapit\u00e4n zu segeln.<\/p>\n","protected":false},"excerpt":{"rendered":"<p>So wird sie in der Taverne und am Lagerfeuer erz\u00e4hlt&#8230;. Die Mosiponte wurde vor Jahren, samt Crew und Kapit\u00e4n Lamar als verschollen gemeldet. Zwar wurde nach dem Schiff Ausschau gehalten doch niemand fand die Fregatte je wieder. Fakt ist das Schiff ist in einem Sturm auf scharfen Klippen der\u00a0Isla Or-uga zerschellt und die Mannschaft ist&#8230; <\/p>\n<div class=\"read-more navbutton\"><a href=\"https:\/\/lamar.larp.pro\/?page_id=83\">Read More<i class=\"fa fa-angle-double-right\"><\/i><\/a><\/div>\n","protected":false},"author":1,"featured_media":0,"parent":0,"menu_order":0,"comment_status":"closed","ping_status":"closed","template":"","meta":{"footnotes":""},"class_list":["post-83","page","type-page","status-publish","hentry"],"_links":{"self":[{"href":"https:\/\/lamar.larp.pro\/index.php?rest_route=\/wp\/v2\/pages\/83","targetHints":{"allow":["GET"]}}],"collection":[{"href":"https:\/\/lamar.larp.pro\/index.php?rest_route=\/wp\/v2\/pages"}],"about":[{"href":"https:\/\/lamar.larp.pro\/index.php?rest_route=\/wp\/v2\/types\/page"}],"author":[{"embeddable":true,"href":"https:\/\/lamar.larp.pro\/index.php?rest_route=\/wp\/v2\/users\/1"}],"replies":[{"embeddable":true,"href":"https:\/\/lamar.larp.pro\/index.php?rest_route=%2Fwp%2Fv2%2Fcomments&post=83"}],"version-history":[{"count":5,"href":"https:\/\/lamar.larp.pro\/index.php?rest_route=\/wp\/v2\/pages\/83\/revisions"}],"predecessor-version":[{"id":124,"href":"https:\/\/lamar.larp.pro\/index.php?rest_route=\/wp\/v2\/pages\/83\/revisions\/124"}],"wp:attachment":[{"href":"https:\/\/lamar.larp.pro\/index.php?rest_route=%2Fwp%2Fv2%2Fmedia&parent=83"}],"curies":[{"name":"wp","href":"https:\/\/api.w.org\/{rel}","templated":true}]}}