{"id":21,"date":"2018-08-26T22:15:58","date_gmt":"2018-08-26T22:15:58","guid":{"rendered":"http:\/\/lamar.larp.pro\/?page_id=21"},"modified":"2019-09-23T00:17:01","modified_gmt":"2019-09-23T00:17:01","slug":"hai-happen","status":"publish","type":"page","link":"https:\/\/lamar.larp.pro\/?page_id=21","title":{"rendered":"Hai Happen"},"content":{"rendered":"[avartanslider alias=&#8220;haihappen&#8220;]\n<p>Warum Hai Happen?<img loading=\"lazy\" decoding=\"async\" class=\"size-full wp-image-22 alignright\" src=\"http:\/\/lamar.larp.pro\/wp-content\/uploads\/2018\/08\/heihappen.jpg\" alt=\"\" width=\"170\" height=\"240\" \/>Hai Happen wei\u00df mittlerweile garnicht mehr wie er wirklich hei\u00dft. Doch warum er Hai Happen hei\u00dft, wei\u00df jeder. Unser liebe Hai Happen geht gerne in der offenen See schwimmen. Und da kommt es halt hin und wieder vor das ein Hai nach ihm schnappt. Seine besondere Eigenschaft f\u00fcr die Crew w\u00fcrde ich gerne mit einen Zitat von Winni puh ins Leben rufe. &#8222;Hai Happen ist wie Die Eule, er ist immer da wenn du etwas brauchst&#8220;.<\/p>\n","protected":false},"excerpt":{"rendered":"<p>[avartanslider alias=&#8220;haihappen&#8220;] Warum Hai Happen?Hai Happen wei\u00df mittlerweile garnicht mehr wie er wirklich hei\u00dft. Doch warum er Hai Happen hei\u00dft, wei\u00df jeder. Unser liebe Hai Happen geht gerne in der offenen See schwimmen. Und da kommt es halt hin und wieder vor das ein Hai nach ihm schnappt. Seine besondere Eigenschaft f\u00fcr die Crew w\u00fcrde&#8230; <\/p>\n<div class=\"read-more navbutton\"><a href=\"https:\/\/lamar.larp.pro\/?page_id=21\">Read More<i class=\"fa fa-angle-double-right\"><\/i><\/a><\/div>\n","protected":false},"author":1,"featured_media":0,"parent":90,"menu_order":0,"comment_status":"closed","ping_status":"closed","template":"","meta":{"footnotes":""},"class_list":["post-21","page","type-page","status-publish","hentry"],"_links":{"self":[{"href":"https:\/\/lamar.larp.pro\/index.php?rest_route=\/wp\/v2\/pages\/21","targetHints":{"allow":["GET"]}}],"collection":[{"href":"https:\/\/lamar.larp.pro\/index.php?rest_route=\/wp\/v2\/pages"}],"about":[{"href":"https:\/\/lamar.larp.pro\/index.php?rest_route=\/wp\/v2\/types\/page"}],"author":[{"embeddable":true,"href":"https:\/\/lamar.larp.pro\/index.php?rest_route=\/wp\/v2\/users\/1"}],"replies":[{"embeddable":true,"href":"https:\/\/lamar.larp.pro\/index.php?rest_route=%2Fwp%2Fv2%2Fcomments&post=21"}],"version-history":[{"count":2,"href":"https:\/\/lamar.larp.pro\/index.php?rest_route=\/wp\/v2\/pages\/21\/revisions"}],"predecessor-version":[{"id":148,"href":"https:\/\/lamar.larp.pro\/index.php?rest_route=\/wp\/v2\/pages\/21\/revisions\/148"}],"up":[{"embeddable":true,"href":"https:\/\/lamar.larp.pro\/index.php?rest_route=\/wp\/v2\/pages\/90"}],"wp:attachment":[{"href":"https:\/\/lamar.larp.pro\/index.php?rest_route=%2Fwp%2Fv2%2Fmedia&parent=21"}],"curies":[{"name":"wp","href":"https:\/\/api.w.org\/{rel}","templated":true}]}}