{"id":2,"date":"2018-08-26T21:14:05","date_gmt":"2018-08-26T21:14:05","guid":{"rendered":"http:\/\/lamar.larp.pro\/?page_id=2"},"modified":"2024-01-28T07:08:54","modified_gmt":"2024-01-28T07:08:54","slug":"about","status":"publish","type":"page","link":"https:\/\/lamar.larp.pro\/","title":{"rendered":"die Crew Lamar"},"content":{"rendered":"<div class=\"wpb-content-wrapper\">[vc_row][vc_column][vc_column_text css_animation=&#8220;rotateInDownRight&#8220;]\n<blockquote>\n<h2 style=\"text-align: left;\">&#8218; Ich will keine Regeln mehr aufstellen. Ich bin ein Tr\u00e4umer! Ich erschaffe Welten! &#8218;<\/h2>\n<h6 style=\"text-align: right;\">James Donovan Halliday 2021<\/h6>\n<\/blockquote>\n[\/vc_column_text][\/vc_column][\/vc_row][vc_row][vc_column width=&#8220;2\/3&#8243;][vc_column_text css_animation=&#8220;bounceInUp&#8220;]\n<h6 style=\"text-align: left;\"><span style=\"font-size: 14px; font-style: normal; word-spacing: normal;\">Die Crew Lamar&#8230; wer wir sind&#8230; woher wir kommen!<\/span><\/h6>\n<h4>Die Insel Lamar<\/h4>\n<p>Niemand wei\u00df wo sie ist und die wenigsten die dort waren k\u00f6nnen den Standort auch nur ansatzweise beschreiben. In einem sind sich allerdings alle einig, sie liegt im S\u00fcden und wird von einem dichten Ring aus Nebel umgeben! Trotz ihrer s\u00fcdlichen Lage herrscht auf der Insel des n\u00e4chtens immer wieder d\u00fcsteres und Nebliges Wetter. Anscheinend haben die Wetter-Loas ihren Heidenspass dabei alle vier Jahreszeiten an jedem Tag komplett durch zu gehen&#8230;[\/vc_column_text][\/vc_column][vc_column width=&#8220;1\/3&#8243;][vc_column_text css_animation=&#8220;bounceInDown&#8220;]<a href=\"http:\/\/lamar.larp.pro\/wp-content\/uploads\/2018\/08\/2375.jpg\" class=\"external\" rel=\"nofollow\"><img loading=\"lazy\" decoding=\"async\" class=\" wp-image-8 alignright\" src=\"http:\/\/lamar.larp.pro\/wp-content\/uploads\/2018\/08\/2375-300x300.jpg\" alt=\"\" width=\"168\" height=\"168\" srcset=\"https:\/\/lamar.larp.pro\/wp-content\/uploads\/2018\/08\/2375-300x300.jpg 300w, https:\/\/lamar.larp.pro\/wp-content\/uploads\/2018\/08\/2375-100x100.jpg 100w, https:\/\/lamar.larp.pro\/wp-content\/uploads\/2018\/08\/2375-600x600.jpg 600w, https:\/\/lamar.larp.pro\/wp-content\/uploads\/2018\/08\/2375-150x150.jpg 150w, https:\/\/lamar.larp.pro\/wp-content\/uploads\/2018\/08\/2375.jpg 700w\" sizes=\"auto, (max-width: 168px) 100vw, 168px\" \/><\/a>[\/vc_column_text][\/vc_column][\/vc_row][vc_row][vc_column width=&#8220;1\/4&#8243;][vc_column_text css_animation=&#8220;fadeInLeftBig&#8220;]<a href=\"http:\/\/lamar.larp.pro\/wp-content\/uploads\/2018\/08\/2379.jpg\" class=\"external\" rel=\"nofollow\"><img loading=\"lazy\" decoding=\"async\" class=\"wp-image-9 alignleft\" src=\"http:\/\/lamar.larp.pro\/wp-content\/uploads\/2018\/08\/2379-300x300.jpg\" alt=\"\" width=\"158\" height=\"158\" srcset=\"https:\/\/lamar.larp.pro\/wp-content\/uploads\/2018\/08\/2379-300x300.jpg 300w, https:\/\/lamar.larp.pro\/wp-content\/uploads\/2018\/08\/2379-100x100.jpg 100w, https:\/\/lamar.larp.pro\/wp-content\/uploads\/2018\/08\/2379-600x600.jpg 600w, https:\/\/lamar.larp.pro\/wp-content\/uploads\/2018\/08\/2379-150x150.jpg 150w, https:\/\/lamar.larp.pro\/wp-content\/uploads\/2018\/08\/2379.jpg 700w\" sizes=\"auto, (max-width: 158px) 100vw, 158px\" \/><\/a>[\/vc_column_text][\/vc_column][vc_column width=&#8220;3\/4&#8243;][vc_column_text css_animation=&#8220;fadeInRight&#8220;]\n<h5>Die Crew-Lamar<\/h5>\n<p>Einmal Lamar, immer Lamar! Das ist das Credo der Crew. Nicht der Kapit\u00e4n noch das Gesetzt der See hat diese Regel aufgestellt&#8230;. Sie ist einfach entstanden&#8230; Keiner wei\u00df waRUM!? Es mag f\u00fcr freie Seefahrer etwas komisch anmuten aber die Mannschaft der Lamar steht und f\u00e4llt miteinander. Niemand der Crew ist je auf ein anderes Schiff gewechselt und jeder Seemann der jemals unter dem Jolly mit der Shisha gesegelt ist hat das Schiff wieder verlassen wollen. Ein Geheimnis das du l\u00fcften m\u00f6chtest? Teil des Schiffs, teil der Crew! Trau dich![\/vc_column_text][\/vc_column][\/vc_row][vc_row][vc_column][vc_column_text css_animation=&#8220;rotateInDownRight&#8220;]\n<p style=\"text-align: center;\">Wir werden unterst\u00fctzt und unterst\u00fcrzen:<\/p>\n[\/vc_column_text][\/vc_column][\/vc_row][vc_row][vc_column width=&#8220;1\/3&#8243;][vc_column_text css_animation=&#8220;bounceInRight&#8220;]<a href=\"http:\/\/www.tagedertapferkeit.com\" target=\"_new\" rel=\"noopener noreferrer nofollow\" class=\"external\"><img loading=\"lazy\" decoding=\"async\" class=\"wp-image-163 size-thumbnail aligncenter\" src=\"http:\/\/lamar.larp.pro\/wp-content\/uploads\/2018\/09\/tdt_com-150x150.png\" alt=\"\" width=\"150\" height=\"150\" srcset=\"https:\/\/lamar.larp.pro\/wp-content\/uploads\/2018\/09\/tdt_com-150x150.png 150w, https:\/\/lamar.larp.pro\/wp-content\/uploads\/2018\/09\/tdt_com-300x300.png 300w, https:\/\/lamar.larp.pro\/wp-content\/uploads\/2018\/09\/tdt_com-100x100.png 100w, https:\/\/lamar.larp.pro\/wp-content\/uploads\/2018\/09\/tdt_com.png 350w\" sizes=\"auto, (max-width: 150px) 100vw, 150px\" \/><\/a>[\/vc_column_text][\/vc_column][vc_column width=&#8220;1\/3&#8243;][vc_column_text css_animation=&#8220;bounceInDown&#8220;]<a href=\"http:\/\/www.larp.at\" target=\"_new\" rel=\"noopener noreferrer nofollow\" class=\"external\"><img loading=\"lazy\" decoding=\"async\" class=\"wp-image-161 size-thumbnail aligncenter\" src=\"http:\/\/lamar.larp.pro\/wp-content\/uploads\/2018\/09\/larp_at-150x150.png\" alt=\"\" width=\"150\" height=\"150\" srcset=\"https:\/\/lamar.larp.pro\/wp-content\/uploads\/2018\/09\/larp_at-150x150.png 150w, https:\/\/lamar.larp.pro\/wp-content\/uploads\/2018\/09\/larp_at-300x300.png 300w, https:\/\/lamar.larp.pro\/wp-content\/uploads\/2018\/09\/larp_at-100x100.png 100w, https:\/\/lamar.larp.pro\/wp-content\/uploads\/2018\/09\/larp_at.png 350w\" sizes=\"auto, (max-width: 150px) 100vw, 150px\" \/><\/a>[\/vc_column_text][\/vc_column][vc_column width=&#8220;1\/3&#8243;][vc_column_text css_animation=&#8220;bounceInLeft&#8220;]<a href=\"http:\/\/www.larpschmiede.at\" target=\"_new\" rel=\"noopener noreferrer nofollow\" class=\"external\"><img loading=\"lazy\" decoding=\"async\" class=\"wp-image-162 size-thumbnail aligncenter\" src=\"http:\/\/lamar.larp.pro\/wp-content\/uploads\/2018\/09\/larpschmiede_at-150x150.png\" alt=\"\" width=\"150\" height=\"150\" srcset=\"https:\/\/lamar.larp.pro\/wp-content\/uploads\/2018\/09\/larpschmiede_at-150x150.png 150w, https:\/\/lamar.larp.pro\/wp-content\/uploads\/2018\/09\/larpschmiede_at-300x300.png 300w, https:\/\/lamar.larp.pro\/wp-content\/uploads\/2018\/09\/larpschmiede_at-100x100.png 100w, https:\/\/lamar.larp.pro\/wp-content\/uploads\/2018\/09\/larpschmiede_at.png 350w\" sizes=\"auto, (max-width: 150px) 100vw, 150px\" \/><\/a>[\/vc_column_text][\/vc_column][\/vc_row][vc_row][vc_column][vc_column_text css_animation=&#8220;rotateInDownRight&#8220;]\n<p style=\"text-align: center;\">unser Hintergrund basiert auf:<\/p>\n<p style=\"text-align: center;\"><a href=\"http:\/\/www.whenua.at\" target=\"_new\" rel=\"noopener noreferrer nofollow\" class=\"external\"><img loading=\"lazy\" decoding=\"async\" class=\"alignnone wp-image-164 size-thumbnail\" src=\"http:\/\/lamar.larp.pro\/wp-content\/uploads\/2018\/09\/whenua_at-150x150.png\" alt=\"\" width=\"150\" height=\"150\" srcset=\"https:\/\/lamar.larp.pro\/wp-content\/uploads\/2018\/09\/whenua_at-150x150.png 150w, https:\/\/lamar.larp.pro\/wp-content\/uploads\/2018\/09\/whenua_at-300x300.png 300w, https:\/\/lamar.larp.pro\/wp-content\/uploads\/2018\/09\/whenua_at-100x100.png 100w, https:\/\/lamar.larp.pro\/wp-content\/uploads\/2018\/09\/whenua_at.png 350w\" sizes=\"auto, (max-width: 150px) 100vw, 150px\" \/><\/a><a href=\"https:\/\/gallery.larp.at\" target=\"_new\" rel=\"noopener noreferrer nofollow\" class=\"external\"><img loading=\"lazy\" decoding=\"async\" class=\"alignnone wp-image-402\" src=\"http:\/\/lamar.larp.pro\/wp-content\/uploads\/2019\/09\/Laprschmiede_LARPPic-224x300-224x300.png\" alt=\"\" width=\"108\" height=\"145\" \/><\/a><\/p>\n[\/vc_column_text][\/vc_column][\/vc_row]\n<\/div>","protected":false},"excerpt":{"rendered":"<p>[vc_row][vc_column][vc_column_text css_animation=&#8220;rotateInDownRight&#8220;] &#8218; Ich will keine Regeln mehr aufstellen. Ich bin ein Tr\u00e4umer! Ich erschaffe Welten! &#8218; James Donovan Halliday 2021 [\/vc_column_text][\/vc_column][\/vc_row][vc_row][vc_column width=&#8220;2\/3&#8243;][vc_column_text css_animation=&#8220;bounceInUp&#8220;] Die Crew Lamar&#8230; wer wir sind&#8230; woher wir kommen! Die Insel Lamar Niemand wei\u00df wo sie ist und die wenigsten die dort waren k\u00f6nnen den Standort auch nur ansatzweise beschreiben. In&#8230; <\/p>\n<div class=\"read-more navbutton\"><a href=\"https:\/\/lamar.larp.pro\/\">Read More<i class=\"fa fa-angle-double-right\"><\/i><\/a><\/div>\n","protected":false},"author":1,"featured_media":0,"parent":0,"menu_order":0,"comment_status":"open","ping_status":"closed","template":"","meta":{"footnotes":""},"class_list":["post-2","page","type-page","status-publish","hentry"],"_links":{"self":[{"href":"https:\/\/lamar.larp.pro\/index.php?rest_route=\/wp\/v2\/pages\/2","targetHints":{"allow":["GET"]}}],"collection":[{"href":"https:\/\/lamar.larp.pro\/index.php?rest_route=\/wp\/v2\/pages"}],"about":[{"href":"https:\/\/lamar.larp.pro\/index.php?rest_route=\/wp\/v2\/types\/page"}],"author":[{"embeddable":true,"href":"https:\/\/lamar.larp.pro\/index.php?rest_route=\/wp\/v2\/users\/1"}],"replies":[{"embeddable":true,"href":"https:\/\/lamar.larp.pro\/index.php?rest_route=%2Fwp%2Fv2%2Fcomments&post=2"}],"version-history":[{"count":30,"href":"https:\/\/lamar.larp.pro\/index.php?rest_route=\/wp\/v2\/pages\/2\/revisions"}],"predecessor-version":[{"id":403,"href":"https:\/\/lamar.larp.pro\/index.php?rest_route=\/wp\/v2\/pages\/2\/revisions\/403"}],"wp:attachment":[{"href":"https:\/\/lamar.larp.pro\/index.php?rest_route=%2Fwp%2Fv2%2Fmedia&parent=2"}],"curies":[{"name":"wp","href":"https:\/\/api.w.org\/{rel}","templated":true}]}}