{"id":18,"date":"2018-08-26T22:15:05","date_gmt":"2018-08-26T22:15:05","guid":{"rendered":"http:\/\/lamar.larp.pro\/?page_id=18"},"modified":"2019-09-23T00:18:23","modified_gmt":"2019-09-23T00:18:23","slug":"uhut","status":"publish","type":"page","link":"https:\/\/lamar.larp.pro\/?page_id=18","title":{"rendered":"Uhut"},"content":{"rendered":"<p><img loading=\"lazy\" decoding=\"async\" class=\"size-full wp-image-19 alignright\" src=\"http:\/\/lamar.larp.pro\/wp-content\/uploads\/2018\/08\/uhut.jpg\" alt=\"\" width=\"170\" height=\"240\" \/>1. Maat<\/p>\n<p>Uhut ist ein junger Mann von eher ruhiger Natur, ihm obliegt die Navigation und die Schiffsorganisation der Lamar. Er ist einer der letzten der Urcrew Lamar, welche \u00fcber einen gro\u00dfen Zeitraum auf der Isla Or-uga gestrandet war.<\/p>\n<p>Trotz seiner gem\u00e4\u00dfigten Art kann er aber auch sehr aufbrausend und Aggressiv sein, wenn sein Kapit\u00e4n oder die Lamar bedroht werden. Ansonsten ist er ein sehr fr\u00f6hlicher geselle, wie er durch sein immer aufgesetztes Grinsen bemerk bar macht, auch wenn dieses manchmal nicht ganz so freundlich ist wie sonst.<\/p>\n<p>Am liebsten verbringt er seine Zeit zu Sonnenuntergang auf Deck mit einer Shisha und den Blick auf den roten Schimmer der Abendsonne gerichtet.<\/p>\n","protected":false},"excerpt":{"rendered":"<p>1. Maat Uhut ist ein junger Mann von eher ruhiger Natur, ihm obliegt die Navigation und die Schiffsorganisation der Lamar. Er ist einer der letzten der Urcrew Lamar, welche \u00fcber einen gro\u00dfen Zeitraum auf der Isla Or-uga gestrandet war. Trotz seiner gem\u00e4\u00dfigten Art kann er aber auch sehr aufbrausend und Aggressiv sein, wenn sein Kapit\u00e4n&#8230; <\/p>\n<div class=\"read-more navbutton\"><a href=\"https:\/\/lamar.larp.pro\/?page_id=18\">Read More<i class=\"fa fa-angle-double-right\"><\/i><\/a><\/div>\n","protected":false},"author":1,"featured_media":0,"parent":90,"menu_order":0,"comment_status":"closed","ping_status":"closed","template":"","meta":{"footnotes":""},"class_list":["post-18","page","type-page","status-publish","hentry"],"_links":{"self":[{"href":"https:\/\/lamar.larp.pro\/index.php?rest_route=\/wp\/v2\/pages\/18","targetHints":{"allow":["GET"]}}],"collection":[{"href":"https:\/\/lamar.larp.pro\/index.php?rest_route=\/wp\/v2\/pages"}],"about":[{"href":"https:\/\/lamar.larp.pro\/index.php?rest_route=\/wp\/v2\/types\/page"}],"author":[{"embeddable":true,"href":"https:\/\/lamar.larp.pro\/index.php?rest_route=\/wp\/v2\/users\/1"}],"replies":[{"embeddable":true,"href":"https:\/\/lamar.larp.pro\/index.php?rest_route=%2Fwp%2Fv2%2Fcomments&post=18"}],"version-history":[{"count":1,"href":"https:\/\/lamar.larp.pro\/index.php?rest_route=\/wp\/v2\/pages\/18\/revisions"}],"predecessor-version":[{"id":20,"href":"https:\/\/lamar.larp.pro\/index.php?rest_route=\/wp\/v2\/pages\/18\/revisions\/20"}],"up":[{"embeddable":true,"href":"https:\/\/lamar.larp.pro\/index.php?rest_route=\/wp\/v2\/pages\/90"}],"wp:attachment":[{"href":"https:\/\/lamar.larp.pro\/index.php?rest_route=%2Fwp%2Fv2%2Fmedia&parent=18"}],"curies":[{"name":"wp","href":"https:\/\/api.w.org\/{rel}","templated":true}]}}