{"id":13,"date":"2018-08-26T22:12:13","date_gmt":"2018-08-26T22:12:13","guid":{"rendered":"http:\/\/lamar.larp.pro\/?page_id=13"},"modified":"2021-11-13T11:00:17","modified_gmt":"2021-11-13T11:00:17","slug":"lamar-kay-felson","status":"publish","type":"page","link":"https:\/\/lamar.larp.pro\/?page_id=13","title":{"rendered":"Lamar, Kay Felson"},"content":{"rendered":"<p style=\"text-align: justify;\">[avartanslider alias=&#8220;key_felson_lamar&#8220;]\n<p><img loading=\"lazy\" decoding=\"async\" class=\"size-full wp-image-16 alignright\" src=\"http:\/\/lamar.larp.pro\/wp-content\/uploads\/2018\/08\/lamar.jpg\" alt=\"\" width=\"170\" height=\"240\" \/><\/p>\n<p style=\"text-align: justify;\">Lamar ist ein recht ertr\u00e4glicher Zeitgenosse. Er funktioniert auf dem &#8222;Schei\u00dft du mich nicht an, schei\u00df ich dich nicht an!&#8220; Prinzip! Als Kapit\u00e4n der Lamar f\u00fchrt er eine Mannschaft von bunten Zeitgenossen. Man merkt an seinem Umgang mit ihnen das er sie mag und das er bereit ist f\u00fcr sie durchs Feuer, nach Nimmerland oder in den Abyss zu gehen. Eine dunkle Geschichte die Uhut gerne erz\u00e4hlt sagt zum Beispiel das Lamar sich sogar gegen den Klabauter gestellt hat um ein Crewmitglied zu retten. Was Kay daf\u00fcr geopfert hat ist eines seiner anscheinen vielen dunklen Geheimnisse.<\/p>\n<p style=\"text-align: justify;\">Lernt man Kay kennen bekommt man eventuell rasch einen falschen Eindruck. Sch\u00fcchtern? Unbedarft? Ist er das wirklich? Nur Uhut scheint Lamar wirklich zu kennen und so findet man die beiden sehr oft gemeinsam zu Sonnenuntergang an Deck eine Shisha rauchen und im stillen Gespr\u00e4ch der Sonnen beim Untergehen zuzusehen.<\/p>\n<p style=\"text-align: justify;\">Zitat an Bord: &#8222;Aye, ihr Hunde wollt ihr Ewig leben?&#8220;<br \/>\nZitat beim von Bord gehen: &#8222;War eine gute Fahrt! Doppelter Sold Leute&#8230; und jetzt sauft und h&#8230;.. wir sehen uns in drei Tagen wieder!&#8220; (oft mit dem Zusatz &#8230;und wehe ich erwische einen von euch n\u00fcchtern an Land!)<\/p>\n","protected":false},"excerpt":{"rendered":"<p>[avartanslider alias=&#8220;key_felson_lamar&#8220;] Lamar ist ein recht ertr\u00e4glicher Zeitgenosse. Er funktioniert auf dem &#8222;Schei\u00dft du mich nicht an, schei\u00df ich dich nicht an!&#8220; Prinzip! Als Kapit\u00e4n der Lamar f\u00fchrt er eine Mannschaft von bunten Zeitgenossen. Man merkt an seinem Umgang mit ihnen das er sie mag und das er bereit ist f\u00fcr sie durchs Feuer, nach&#8230; <\/p>\n<div class=\"read-more navbutton\"><a href=\"https:\/\/lamar.larp.pro\/?page_id=13\">Read More<i class=\"fa fa-angle-double-right\"><\/i><\/a><\/div>\n","protected":false},"author":1,"featured_media":0,"parent":90,"menu_order":0,"comment_status":"closed","ping_status":"closed","template":"","meta":{"footnotes":""},"class_list":["post-13","page","type-page","status-publish","hentry"],"_links":{"self":[{"href":"https:\/\/lamar.larp.pro\/index.php?rest_route=\/wp\/v2\/pages\/13","targetHints":{"allow":["GET"]}}],"collection":[{"href":"https:\/\/lamar.larp.pro\/index.php?rest_route=\/wp\/v2\/pages"}],"about":[{"href":"https:\/\/lamar.larp.pro\/index.php?rest_route=\/wp\/v2\/types\/page"}],"author":[{"embeddable":true,"href":"https:\/\/lamar.larp.pro\/index.php?rest_route=\/wp\/v2\/users\/1"}],"replies":[{"embeddable":true,"href":"https:\/\/lamar.larp.pro\/index.php?rest_route=%2Fwp%2Fv2%2Fcomments&post=13"}],"version-history":[{"count":8,"href":"https:\/\/lamar.larp.pro\/index.php?rest_route=\/wp\/v2\/pages\/13\/revisions"}],"predecessor-version":[{"id":523,"href":"https:\/\/lamar.larp.pro\/index.php?rest_route=\/wp\/v2\/pages\/13\/revisions\/523"}],"up":[{"embeddable":true,"href":"https:\/\/lamar.larp.pro\/index.php?rest_route=\/wp\/v2\/pages\/90"}],"wp:attachment":[{"href":"https:\/\/lamar.larp.pro\/index.php?rest_route=%2Fwp%2Fv2%2Fmedia&parent=13"}],"curies":[{"name":"wp","href":"https:\/\/api.w.org\/{rel}","templated":true}]}}